{"id":15,"date":"2025-08-07T01:27:32","date_gmt":"2025-08-07T01:27:32","guid":{"rendered":"https:\/\/salado.bannerestudio.com\/?page_id=15"},"modified":"2025-11-12T01:29:47","modified_gmt":"2025-11-12T01:29:47","slug":"home","status":"publish","type":"page","link":"https:\/\/salado.bannerestudio.com\/","title":{"rendered":"HOME"},"content":{"rendered":"\t\t<div data-elementor-type=\"wp-page\" data-elementor-id=\"15\" class=\"elementor elementor-15\" data-elementor-post-type=\"page\">\n\t\t\t\t<div class=\"elementor-element elementor-element-1420ee0 e-con-full e-flex e-con e-parent\" data-id=\"1420ee0\" data-element_type=\"container\">\n\t\t\t\t<div class=\"elementor-element elementor-element-e30dec2 elementor-widget-mobile__width-initial elementor-widget elementor-widget-video\" data-id=\"e30dec2\" data-element_type=\"widget\" data-settings=\"{&quot;video_type&quot;:&quot;hosted&quot;,&quot;autoplay&quot;:&quot;yes&quot;,&quot;mute&quot;:&quot;yes&quot;,&quot;loop&quot;:&quot;yes&quot;}\" data-widget_type=\"video.default\">\n\t\t\t\t\t\t\t<div class=\"e-hosted-video elementor-wrapper elementor-open-inline\">\n\t\t\t\t\t<video class=\"elementor-video\" src=\"https:\/\/salado.bannerestudio.com\/wp-content\/uploads\/2025\/08\/Studio-jerry-II.mp4\" autoplay=\"\" loop=\"\" muted=\"muted\" controlsList=\"nodownload\"><\/video>\n\t\t\t\t<\/div>\n\t\t\t\t\t\t<\/div>\n\t\t\t\t<\/div>\n\t\t<div class=\"elementor-element elementor-element-c21b057 e-flex e-con-boxed e-con e-parent\" data-id=\"c21b057\" data-element_type=\"container\">\n\t\t\t\t\t<div class=\"e-con-inner\">\n\t\t<div class=\"elementor-element elementor-element-3a79dff e-con-full e-flex e-con e-child\" data-id=\"3a79dff\" data-element_type=\"container\">\n\t\t\t\t<div class=\"elementor-element elementor-element-6a4058f elementor-widget elementor-widget-image\" data-id=\"6a4058f\" data-element_type=\"widget\" data-widget_type=\"image.default\">\n\t\t\t\t\t\t\t\t\t\t\t\t\t\t\t<img fetchpriority=\"high\" decoding=\"async\" width=\"797\" height=\"1024\" src=\"https:\/\/salado.bannerestudio.com\/wp-content\/uploads\/2025\/08\/Imagen-de-WhatsApp-2025-08-07-a-las-02.06.37_985beb7d-797x1024.jpg\" class=\"attachment-large size-large wp-image-82\" alt=\"\" srcset=\"https:\/\/salado.bannerestudio.com\/wp-content\/uploads\/2025\/08\/Imagen-de-WhatsApp-2025-08-07-a-las-02.06.37_985beb7d-797x1024.jpg 797w, https:\/\/salado.bannerestudio.com\/wp-content\/uploads\/2025\/08\/Imagen-de-WhatsApp-2025-08-07-a-las-02.06.37_985beb7d-233x300.jpg 233w, https:\/\/salado.bannerestudio.com\/wp-content\/uploads\/2025\/08\/Imagen-de-WhatsApp-2025-08-07-a-las-02.06.37_985beb7d-768x987.jpg 768w, https:\/\/salado.bannerestudio.com\/wp-content\/uploads\/2025\/08\/Imagen-de-WhatsApp-2025-08-07-a-las-02.06.37_985beb7d.jpg 996w\" sizes=\"(max-width: 797px) 100vw, 797px\" \/>\t\t\t\t\t\t\t\t\t\t\t\t\t\t\t<\/div>\n\t\t\t\t<\/div>\n\t\t<div class=\"elementor-element elementor-element-0e6803e e-con-full e-flex e-con e-child\" data-id=\"0e6803e\" data-element_type=\"container\">\n\t\t<div class=\"elementor-element elementor-element-9d039b5 e-con-full e-flex e-con e-child\" data-id=\"9d039b5\" data-element_type=\"container\">\n\t\t\t\t<div class=\"elementor-element elementor-element-a3ae495 elementor-widget elementor-widget-heading\" data-id=\"a3ae495\" data-element_type=\"widget\" data-widget_type=\"heading.default\">\n\t\t\t\t\t<h2 class=\"elementor-heading-title elementor-size-default\">SOBRE M\u00cd<\/h2>\t\t\t\t<\/div>\n\t\t\t\t<\/div>\n\t\t<div class=\"elementor-element elementor-element-2b92d17 e-con-full e-flex e-con e-child\" data-id=\"2b92d17\" data-element_type=\"container\">\n\t\t\t\t<div class=\"elementor-element elementor-element-8ad682a elementor-widget elementor-widget-text-editor\" data-id=\"8ad682a\" data-element_type=\"widget\" data-widget_type=\"text-editor.default\">\n\t\t\t\t\t\t\t\t\t<p data-start=\"464\" data-end=\"559\">Soy Jerry, dise\u00f1ador gr\u00e1fico con pasi\u00f3n por la creatividad, el dise\u00f1o visual y la tecnolog\u00eda.<\/p><p data-start=\"566\" data-end=\"757\">Me especializo en branding, dise\u00f1o editorial y comunicaci\u00f3n visual, pero tambi\u00e9n exploro \u00e1reas como UI\/UX, ilustraci\u00f3n digital y herramientas de inteligencia artificial aplicadas al dise\u00f1o.<\/p><p data-start=\"566\" data-end=\"757\"><span style=\"font-style: inherit; font-weight: inherit;\">Mi enfoque combina est\u00e9tica, funcionalidad y estrategia visual para crear soluciones que conecten con las personas y transmitan mensajes poderosos.<\/span><\/p>\t\t\t\t\t\t\t\t<\/div>\n\t\t\t\t<\/div>\n\t\t\t\t<\/div>\n\t\t\t\t\t<\/div>\n\t\t\t\t<\/div>\n\t\t<div class=\"elementor-element elementor-element-80f9ecd e-flex e-con-boxed e-con e-parent\" data-id=\"80f9ecd\" data-element_type=\"container\">\n\t\t\t\t\t<div class=\"e-con-inner\">\n\t\t<div class=\"elementor-element elementor-element-c3f9adf e-con-full e-flex e-con e-child\" data-id=\"c3f9adf\" data-element_type=\"container\">\n\t\t\t\t<div class=\"elementor-element elementor-element-cfbb0d4 elementor-widget elementor-widget-heading\" data-id=\"cfbb0d4\" data-element_type=\"widget\" data-widget_type=\"heading.default\">\n\t\t\t\t\t<h2 class=\"elementor-heading-title elementor-size-default\">MIS HABILIDADES<\/h2>\t\t\t\t<\/div>\n\t\t\t\t<\/div>\n\t\t<div class=\"elementor-element elementor-element-d4f5e12 e-con-full e-flex e-con e-child\" data-id=\"d4f5e12\" data-element_type=\"container\">\n\t\t\t\t<div class=\"elementor-element elementor-element-6b54fa3 elementor-widget elementor-widget-heading\" data-id=\"6b54fa3\" data-element_type=\"widget\" data-widget_type=\"heading.default\">\n\t\t\t\t\t<h2 class=\"elementor-heading-title elementor-size-default\">A\u00f1ade aqu\u00ed tu texto de cabecera<\/h2>\t\t\t\t<\/div>\n\t\t\t\t<\/div>\n\t\t\t\t\t<\/div>\n\t\t\t\t<\/div>\n\t\t<div class=\"elementor-element elementor-element-5256944 e-flex e-con-boxed e-con e-parent\" data-id=\"5256944\" data-element_type=\"container\">\n\t\t\t\t\t<div class=\"e-con-inner\">\n\t\t\t\t<div class=\"elementor-element elementor-element-484e477 elementor-widget elementor-widget-progress\" data-id=\"484e477\" data-element_type=\"widget\" data-widget_type=\"progress.default\">\n\t\t\t\t\t\t\t\t<span class=\"elementor-title\" id=\"elementor-progress-bar-484e477\">\n\t\t\t\tMis habilidades\t\t\t<\/span>\n\t\t\n\t\t<div aria-labelledby=\"elementor-progress-bar-484e477\" class=\"elementor-progress-wrapper\" role=\"progressbar\" aria-valuemin=\"0\" aria-valuemax=\"100\" aria-valuenow=\"35\" aria-valuetext=\"35% (Dise\u00f1ador web)\">\n\t\t\t<div class=\"elementor-progress-bar\" data-max=\"35\">\n\t\t\t\t<span class=\"elementor-progress-text\">Dise\u00f1ador web<\/span>\n\t\t\t\t\t\t\t\t\t<span class=\"elementor-progress-percentage\">35%<\/span>\n\t\t\t\t\t\t\t<\/div>\n\t\t<\/div>\n\t\t\t\t\t\t<\/div>\n\t\t\t\t\t<\/div>\n\t\t\t\t<\/div>\n\t\t<div class=\"elementor-element elementor-element-c5c6e22 e-flex e-con-boxed e-con e-parent\" data-id=\"c5c6e22\" data-element_type=\"container\">\n\t\t\t\t\t<div class=\"e-con-inner\">\n\t\t\t\t<div class=\"elementor-element elementor-element-667a647 elementor-widget elementor-widget-progress\" data-id=\"667a647\" data-element_type=\"widget\" data-widget_type=\"progress.default\">\n\t\t\t\t\t\t\t\t<span class=\"elementor-title\" id=\"elementor-progress-bar-667a647\">\n\t\t\t\tMis habilidades\t\t\t<\/span>\n\t\t\n\t\t<div aria-labelledby=\"elementor-progress-bar-667a647\" class=\"elementor-progress-wrapper\" role=\"progressbar\" aria-valuemin=\"0\" aria-valuemax=\"100\" aria-valuenow=\"85\" aria-valuetext=\"85% (PHOTOSHOP)\">\n\t\t\t<div class=\"elementor-progress-bar\" data-max=\"85\">\n\t\t\t\t<span class=\"elementor-progress-text\">PHOTOSHOP<\/span>\n\t\t\t\t\t\t\t\t\t<span class=\"elementor-progress-percentage\">85%<\/span>\n\t\t\t\t\t\t\t<\/div>\n\t\t<\/div>\n\t\t\t\t\t\t<\/div>\n\t\t\t\t\t<\/div>\n\t\t\t\t<\/div>\n\t\t<div class=\"elementor-element elementor-element-78dfaa5 e-flex e-con-boxed e-con e-parent\" data-id=\"78dfaa5\" data-element_type=\"container\">\n\t\t\t\t\t<div class=\"e-con-inner\">\n\t\t\t\t<div class=\"elementor-element elementor-element-0fa2d0f elementor-widget elementor-widget-progress\" data-id=\"0fa2d0f\" data-element_type=\"widget\" data-widget_type=\"progress.default\">\n\t\t\t\t\t\t\t\t<span class=\"elementor-title\" id=\"elementor-progress-bar-0fa2d0f\">\n\t\t\t\tMis habilidades\t\t\t<\/span>\n\t\t\n\t\t<div aria-labelledby=\"elementor-progress-bar-0fa2d0f\" class=\"elementor-progress-wrapper\" role=\"progressbar\" aria-valuemin=\"0\" aria-valuemax=\"100\" aria-valuenow=\"80\" aria-valuetext=\"80% (ILUSTRADOR)\">\n\t\t\t<div class=\"elementor-progress-bar\" data-max=\"80\">\n\t\t\t\t<span class=\"elementor-progress-text\">ILUSTRADOR<\/span>\n\t\t\t\t\t\t\t\t\t<span class=\"elementor-progress-percentage\">80%<\/span>\n\t\t\t\t\t\t\t<\/div>\n\t\t<\/div>\n\t\t\t\t\t\t<\/div>\n\t\t\t\t\t<\/div>\n\t\t\t\t<\/div>\n\t\t<div class=\"elementor-element elementor-element-f759430 e-flex e-con-boxed e-con e-parent\" data-id=\"f759430\" data-element_type=\"container\">\n\t\t\t\t\t<div class=\"e-con-inner\">\n\t\t\t\t<div class=\"elementor-element elementor-element-a90f96a elementor-widget elementor-widget-progress\" data-id=\"a90f96a\" data-element_type=\"widget\" data-widget_type=\"progress.default\">\n\t\t\t\t\t\t\t\t<span class=\"elementor-title\" id=\"elementor-progress-bar-a90f96a\">\n\t\t\t\tMis habilidades\t\t\t<\/span>\n\t\t\n\t\t<div aria-labelledby=\"elementor-progress-bar-a90f96a\" class=\"elementor-progress-wrapper\" role=\"progressbar\" aria-valuemin=\"0\" aria-valuemax=\"100\" aria-valuenow=\"80\" aria-valuetext=\"80% (INDESINGN)\">\n\t\t\t<div class=\"elementor-progress-bar\" data-max=\"80\">\n\t\t\t\t<span class=\"elementor-progress-text\">INDESINGN<\/span>\n\t\t\t\t\t\t\t\t\t<span class=\"elementor-progress-percentage\">80%<\/span>\n\t\t\t\t\t\t\t<\/div>\n\t\t<\/div>\n\t\t\t\t\t\t<\/div>\n\t\t\t\t\t<\/div>\n\t\t\t\t<\/div>\n\t\t<div class=\"elementor-element elementor-element-e25f643 e-flex e-con-boxed e-con e-parent\" data-id=\"e25f643\" data-element_type=\"container\">\n\t\t\t\t\t<div class=\"e-con-inner\">\n\t\t\t\t<div class=\"elementor-element elementor-element-a73b2a1 elementor-widget elementor-widget-progress\" data-id=\"a73b2a1\" data-element_type=\"widget\" data-widget_type=\"progress.default\">\n\t\t\t\t\t\t\t\t<span class=\"elementor-title\" id=\"elementor-progress-bar-a73b2a1\">\n\t\t\t\tMis habilidades\t\t\t<\/span>\n\t\t\n\t\t<div aria-labelledby=\"elementor-progress-bar-a73b2a1\" class=\"elementor-progress-wrapper\" role=\"progressbar\" aria-valuemin=\"0\" aria-valuemax=\"100\" aria-valuenow=\"75\" aria-valuetext=\"75% (IA CREATIVA)\">\n\t\t\t<div class=\"elementor-progress-bar\" data-max=\"75\">\n\t\t\t\t<span class=\"elementor-progress-text\">IA CREATIVA<\/span>\n\t\t\t\t\t\t\t\t\t<span class=\"elementor-progress-percentage\">75%<\/span>\n\t\t\t\t\t\t\t<\/div>\n\t\t<\/div>\n\t\t\t\t\t\t<\/div>\n\t\t\t\t\t<\/div>\n\t\t\t\t<\/div>\n\t\t<div class=\"elementor-element elementor-element-cbfd927 e-flex e-con-boxed e-con e-parent\" data-id=\"cbfd927\" data-element_type=\"container\">\n\t\t\t\t\t<div class=\"e-con-inner\">\n\t\t\t\t<div class=\"elementor-element elementor-element-7e5da57 elementor-widget elementor-widget-image\" data-id=\"7e5da57\" data-element_type=\"widget\" data-widget_type=\"image.default\">\n\t\t\t\t\t\t\t\t\t\t\t\t\t\t\t<img decoding=\"async\" width=\"791\" height=\"1024\" src=\"https:\/\/salado.bannerestudio.com\/wp-content\/uploads\/2025\/11\/Cv-791x1024.jpg\" class=\"attachment-large size-large wp-image-175\" alt=\"\" srcset=\"https:\/\/salado.bannerestudio.com\/wp-content\/uploads\/2025\/11\/Cv-791x1024.jpg 791w, https:\/\/salado.bannerestudio.com\/wp-content\/uploads\/2025\/11\/Cv-232x300.jpg 232w, https:\/\/salado.bannerestudio.com\/wp-content\/uploads\/2025\/11\/Cv-768x994.jpg 768w, https:\/\/salado.bannerestudio.com\/wp-content\/uploads\/2025\/11\/Cv-1187x1536.jpg 1187w, https:\/\/salado.bannerestudio.com\/wp-content\/uploads\/2025\/11\/Cv.jpg 1545w\" sizes=\"(max-width: 791px) 100vw, 791px\" \/>\t\t\t\t\t\t\t\t\t\t\t\t\t\t\t<\/div>\n\t\t\t\t\t<\/div>\n\t\t\t\t<\/div>\n\t\t<div class=\"elementor-element elementor-element-464c55d e-flex e-con-boxed e-con e-parent\" data-id=\"464c55d\" data-element_type=\"container\">\n\t\t\t\t\t<div class=\"e-con-inner\">\n\t\t\t\t<div class=\"elementor-element elementor-element-5a05966 elementor-widget elementor-widget-theme-site-logo elementor-widget-image\" data-id=\"5a05966\" data-element_type=\"widget\" data-widget_type=\"theme-site-logo.default\">\n\t\t\t\t\t\t\t\t\t\t\t<a href=\"https:\/\/salado.bannerestudio.com\">\n\t\t\t<img decoding=\"async\" width=\"150\" height=\"150\" src=\"https:\/\/salado.bannerestudio.com\/wp-content\/uploads\/2025\/08\/LOGO-POSITIVO-39x39.png\" class=\"attachment-full size-full wp-image-58\" alt=\"\" srcset=\"https:\/\/salado.bannerestudio.com\/wp-content\/uploads\/2025\/08\/LOGO-POSITIVO.png 150w, https:\/\/salado.bannerestudio.com\/wp-content\/uploads\/2025\/08\/LOGO-POSITIVO-39x39.png 39w\" sizes=\"(max-width: 150px) 100vw, 150px\" \/>\t\t\t\t<\/a>\n\t\t\t\t\t\t\t\t\t\t\t<\/div>\n\t\t\t\t\t<\/div>\n\t\t\t\t<\/div>\n\t\t<div class=\"elementor-element elementor-element-e76749f e-flex e-con-boxed e-con e-parent\" data-id=\"e76749f\" data-element_type=\"container\">\n\t\t\t\t\t<div class=\"e-con-inner\">\n\t\t\t\t<div class=\"elementor-element elementor-element-7fdbbd8 elementor-widget elementor-widget-heading\" data-id=\"7fdbbd8\" data-element_type=\"widget\" data-widget_type=\"heading.default\">\n\t\t\t\t\t<h2 class=\"elementor-heading-title elementor-size-default\">JERRY ESTUDIO<\/h2>\t\t\t\t<\/div>\n\t\t\t\t\t<\/div>\n\t\t\t\t<\/div>\n\t\t\t\t<\/div>\n\t\t","protected":false},"excerpt":{"rendered":"<p>https:\/\/salado.bannerestudio.com\/wp-content\/uploads\/2025\/08\/Studio-jerry-II.mp4 SOBRE M\u00cd Soy Jerry, dise\u00f1ador gr\u00e1fico con pasi\u00f3n por la creatividad, el dise\u00f1o visual y la tecnolog\u00eda. Me especializo [&hellip;]<\/p>\n","protected":false},"author":1,"featured_media":0,"parent":0,"menu_order":0,"comment_status":"closed","ping_status":"closed","template":"","meta":{"site-sidebar-layout":"no-sidebar","site-content-layout":"","ast-site-content-layout":"full-width-container","site-content-style":"default","site-sidebar-style":"default","ast-global-header-display":"","ast-banner-title-visibility":"","ast-main-header-display":"","ast-hfb-above-header-display":"","ast-hfb-below-header-display":"","ast-hfb-mobile-header-display":"","site-post-title":"disabled","ast-breadcrumbs-content":"","ast-featured-img":"disabled","footer-sml-layout":"","theme-transparent-header-meta":"","adv-header-id-meta":"","stick-header-meta":"","header-above-stick-meta":"","header-main-stick-meta":"","header-below-stick-meta":"","astra-migrate-meta-layouts":"default","ast-page-background-enabled":"default","ast-page-background-meta":{"desktop":{"background-color":"var(--ast-global-color-5)","background-image":"","background-repeat":"repeat","background-position":"center center","background-size":"auto","background-attachment":"scroll","background-type":"","background-media":"","overlay-type":"","overlay-color":"","overlay-opacity":"","overlay-gradient":""},"tablet":{"background-color":"","background-image":"","background-repeat":"repeat","background-position":"center center","background-size":"auto","background-attachment":"scroll","background-type":"","background-media":"","overlay-type":"","overlay-color":"","overlay-opacity":"","overlay-gradient":""},"mobile":{"background-color":"","background-image":"","background-repeat":"repeat","background-position":"center center","background-size":"auto","background-attachment":"scroll","background-type":"","background-media":"","overlay-type":"","overlay-color":"","overlay-opacity":"","overlay-gradient":""}},"ast-content-background-meta":{"desktop":{"background-color":"var(--ast-global-color-4)","background-image":"","background-repeat":"repeat","background-position":"center center","background-size":"auto","background-attachment":"scroll","background-type":"","background-media":"","overlay-type":"","overlay-color":"","overlay-opacity":"","overlay-gradient":""},"tablet":{"background-color":"var(--ast-global-color-4)","background-image":"","background-repeat":"repeat","background-position":"center center","background-size":"auto","background-attachment":"scroll","background-type":"","background-media":"","overlay-type":"","overlay-color":"","overlay-opacity":"","overlay-gradient":""},"mobile":{"background-color":"var(--ast-global-color-4)","background-image":"","background-repeat":"repeat","background-position":"center center","background-size":"auto","background-attachment":"scroll","background-type":"","background-media":"","overlay-type":"","overlay-color":"","overlay-opacity":"","overlay-gradient":""}},"footnotes":""},"class_list":["post-15","page","type-page","status-publish","hentry"],"_links":{"self":[{"href":"https:\/\/salado.bannerestudio.com\/index.php\/wp-json\/wp\/v2\/pages\/15","targetHints":{"allow":["GET"]}}],"collection":[{"href":"https:\/\/salado.bannerestudio.com\/index.php\/wp-json\/wp\/v2\/pages"}],"about":[{"href":"https:\/\/salado.bannerestudio.com\/index.php\/wp-json\/wp\/v2\/types\/page"}],"author":[{"embeddable":true,"href":"https:\/\/salado.bannerestudio.com\/index.php\/wp-json\/wp\/v2\/users\/1"}],"replies":[{"embeddable":true,"href":"https:\/\/salado.bannerestudio.com\/index.php\/wp-json\/wp\/v2\/comments?post=15"}],"version-history":[{"count":36,"href":"https:\/\/salado.bannerestudio.com\/index.php\/wp-json\/wp\/v2\/pages\/15\/revisions"}],"predecessor-version":[{"id":181,"href":"https:\/\/salado.bannerestudio.com\/index.php\/wp-json\/wp\/v2\/pages\/15\/revisions\/181"}],"wp:attachment":[{"href":"https:\/\/salado.bannerestudio.com\/index.php\/wp-json\/wp\/v2\/media?parent=15"}],"curies":[{"name":"wp","href":"https:\/\/api.w.org\/{rel}","templated":true}]}}